{"id":4220,"date":"2025-04-11T11:41:06","date_gmt":"2025-04-11T11:41:06","guid":{"rendered":"https:\/\/si-schiffstechnik.com\/?page_id=4220"},"modified":"2026-04-07T07:58:02","modified_gmt":"2026-04-07T07:58:02","slug":"references","status":"publish","type":"page","link":"https:\/\/si-schiffstechnik.com\/de\/references\/","title":{"rendered":"Referenzen"},"content":{"rendered":"<div data-elementor-type=\"wp-page\" data-elementor-id=\"4220\" class=\"elementor elementor-4220\" data-elementor-post-type=\"page\">\n\t\t\t\t<div class=\"elementor-element elementor-element-7782017 e-con-full e-flex e-con e-parent\" data-id=\"7782017\" data-element_type=\"container\" data-e-type=\"container\" data-settings=\"{&quot;background_background&quot;:&quot;classic&quot;}\">\n\t\t\t\t<div class=\"elementor-element elementor-element-3754870 elementor-invisible elementor-widget elementor-widget-heading\" data-id=\"3754870\" data-element_type=\"widget\" data-e-type=\"widget\" data-settings=\"{&quot;_animation&quot;:&quot;fadeInDown&quot;}\" data-widget_type=\"heading.default\">\n\t\t\t\t<div class=\"elementor-widget-container\">\n\t\t\t\t\t<h6 class=\"elementor-heading-title elementor-size-default\">Referenzen<\/h6>\t\t\t\t<\/div>\n\t\t\t\t<\/div>\n\t\t\t\t<div class=\"elementor-element elementor-element-b084356 uael-dual-heading-align-center elementor-widget elementor-widget-uael-dual-color-heading\" data-id=\"b084356\" data-element_type=\"widget\" data-e-type=\"widget\" data-widget_type=\"uael-dual-color-heading.default\">\n\t\t\t\t<div class=\"elementor-widget-container\">\n\t\t\t\t\t\t\t\t\t<div class=\"uael-module-content uael-dual-color-heading uael-stack-desktop-yes uael-heading-stack-\">\n\t\t\t<h2>\n\t\t\t\t\t\t\t\t\t\t\t\t\t\t\t\t<span class=\"uael-before-heading\"><span class=\"elementor-inline-editing uael-dual-heading-text uael-first-text\" data-elementor-setting-key=\"before_heading_text\" data-elementor-inline-editing-toolbar=\"basic\">Abgeschlossene Projekte <\/span><\/span><span class=\"uael-adv-heading-stack\"><span class=\"elementor-inline-editing uael-dual-heading-text uael-highlight-text\" data-elementor-setting-key=\"second_heading_text\" data-elementor-inline-editing-toolbar=\"basic\">namenhafter Kunden<\/span><\/span>\t\t\t\t\t\t\t\t\t\t\t\t\t<\/h2>\n\t\t<\/div>\n\t\t\t\t\t\t<\/div>\n\t\t\t\t<\/div>\n\t\t\t\t<\/div>\n\t\t<div class=\"elementor-element elementor-element-6b07036 e-grid e-con-boxed e-con e-parent\" data-id=\"6b07036\" data-element_type=\"container\" data-e-type=\"container\">\n\t\t\t\t\t<div class=\"e-con-inner\">\n\t\t\t\t<div class=\"elementor-element elementor-element-72cf92f elementor-widget elementor-widget-image\" data-id=\"72cf92f\" data-element_type=\"widget\" data-e-type=\"widget\" data-widget_type=\"image.default\">\n\t\t\t\t<div class=\"elementor-widget-container\">\n\t\t\t\t\t\t\t\t\t\t\t\t<figure class=\"wp-caption\">\n\t\t\t\t\t\t\t\t\t\t<img fetchpriority=\"high\" decoding=\"async\" width=\"1024\" height=\"556\" src=\"https:\/\/si-schiffstechnik.com\/wp-content\/uploads\/2025\/04\/Cruiseliner-AIDAnova_herman_ijsseling-web-1024x556.webp\" class=\"attachment-large size-large wp-image-4222\" alt=\"Photo of Cruiseliner AIDAnova photo by Herman Ijsseling\" srcset=\"https:\/\/si-schiffstechnik.com\/wp-content\/uploads\/2025\/04\/Cruiseliner-AIDAnova_herman_ijsseling-web-1024x556.webp 1024w, https:\/\/si-schiffstechnik.com\/wp-content\/uploads\/2025\/04\/Cruiseliner-AIDAnova_herman_ijsseling-web-300x163.webp 300w, https:\/\/si-schiffstechnik.com\/wp-content\/uploads\/2025\/04\/Cruiseliner-AIDAnova_herman_ijsseling-web-768x417.webp 768w, https:\/\/si-schiffstechnik.com\/wp-content\/uploads\/2025\/04\/Cruiseliner-AIDAnova_herman_ijsseling-web-1536x834.webp 1536w, https:\/\/si-schiffstechnik.com\/wp-content\/uploads\/2025\/04\/Cruiseliner-AIDAnova_herman_ijsseling-web.webp 1920w\" sizes=\"(max-width: 1024px) 100vw, 1024px\" \/>\t\t\t\t\t\t\t\t\t\t\t<figcaption class=\"widget-image-caption wp-caption-text\">Kreuzfahrtschiff AIDAnova Foto von Herman Ijsseling<\/figcaption>\n\t\t\t\t\t\t\t\t\t\t<\/figure>\n\t\t\t\t\t\t\t\t\t<\/div>\n\t\t\t\t<\/div>\n\t\t\t\t<div class=\"elementor-element elementor-element-1591aaf elementor-widget elementor-widget-image\" data-id=\"1591aaf\" data-element_type=\"widget\" data-e-type=\"widget\" data-widget_type=\"image.default\">\n\t\t\t\t<div class=\"elementor-widget-container\">\n\t\t\t\t\t\t\t\t\t\t\t\t<figure class=\"wp-caption\">\n\t\t\t\t\t\t\t\t\t\t<img decoding=\"async\" width=\"1024\" height=\"556\" src=\"https:\/\/si-schiffstechnik.com\/wp-content\/uploads\/2025\/04\/Cruiseliner-Carnival_Jubilee-web-1024x556.webp\" class=\"attachment-large size-large wp-image-4223\" alt=\"Cruiseliner Carnival Jubilee\" srcset=\"https:\/\/si-schiffstechnik.com\/wp-content\/uploads\/2025\/04\/Cruiseliner-Carnival_Jubilee-web-1024x556.webp 1024w, https:\/\/si-schiffstechnik.com\/wp-content\/uploads\/2025\/04\/Cruiseliner-Carnival_Jubilee-web-300x163.webp 300w, https:\/\/si-schiffstechnik.com\/wp-content\/uploads\/2025\/04\/Cruiseliner-Carnival_Jubilee-web-768x417.jpg 768w, https:\/\/si-schiffstechnik.com\/wp-content\/uploads\/2025\/04\/Cruiseliner-Carnival_Jubilee-web-1536x834.jpg 1536w, https:\/\/si-schiffstechnik.com\/wp-content\/uploads\/2025\/04\/Cruiseliner-Carnival_Jubilee-web-2048x1112.jpg 2048w, https:\/\/si-schiffstechnik.com\/wp-content\/uploads\/2025\/04\/Cruiseliner-Carnival_Jubilee-web.webp 1920w\" sizes=\"(max-width: 1024px) 100vw, 1024px\" \/>\t\t\t\t\t\t\t\t\t\t\t<figcaption class=\"widget-image-caption wp-caption-text\">Kreuzfahrtschiff Carnival<\/figcaption>\n\t\t\t\t\t\t\t\t\t\t<\/figure>\n\t\t\t\t\t\t\t\t\t<\/div>\n\t\t\t\t<\/div>\n\t\t\t\t<div class=\"elementor-element elementor-element-003ff7a elementor-widget elementor-widget-image\" data-id=\"003ff7a\" data-element_type=\"widget\" data-e-type=\"widget\" data-widget_type=\"image.default\">\n\t\t\t\t<div class=\"elementor-widget-container\">\n\t\t\t\t\t\t\t\t\t\t\t\t<figure class=\"wp-caption\">\n\t\t\t\t\t\t\t\t\t\t<img decoding=\"async\" width=\"1024\" height=\"556\" src=\"https:\/\/si-schiffstechnik.com\/wp-content\/uploads\/2025\/04\/Cruiseliner-Norwegian-Bliss_web-1024x556.webp\" class=\"attachment-large size-large wp-image-4224\" alt=\"Photo of Cruiseliner Norwegian Bliss\" srcset=\"https:\/\/si-schiffstechnik.com\/wp-content\/uploads\/2025\/04\/Cruiseliner-Norwegian-Bliss_web-1024x556.webp 1024w, https:\/\/si-schiffstechnik.com\/wp-content\/uploads\/2025\/04\/Cruiseliner-Norwegian-Bliss_web-300x163.webp 300w, https:\/\/si-schiffstechnik.com\/wp-content\/uploads\/2025\/04\/Cruiseliner-Norwegian-Bliss_web-768x417.webp 768w, https:\/\/si-schiffstechnik.com\/wp-content\/uploads\/2025\/04\/Cruiseliner-Norwegian-Bliss_web-1536x834.webp 1536w, https:\/\/si-schiffstechnik.com\/wp-content\/uploads\/2025\/04\/Cruiseliner-Norwegian-Bliss_web-2048x1112.jpg 2048w, https:\/\/si-schiffstechnik.com\/wp-content\/uploads\/2025\/04\/Cruiseliner-Norwegian-Bliss_web.webp 1920w\" sizes=\"(max-width: 1024px) 100vw, 1024px\" \/>\t\t\t\t\t\t\t\t\t\t\t<figcaption class=\"widget-image-caption wp-caption-text\">Kreuzfahrtschiff Norwegian Bliss<\/figcaption>\n\t\t\t\t\t\t\t\t\t\t<\/figure>\n\t\t\t\t\t\t\t\t\t<\/div>\n\t\t\t\t<\/div>\n\t\t\t\t<div class=\"elementor-element elementor-element-c4899e0 elementor-widget elementor-widget-image\" data-id=\"c4899e0\" data-element_type=\"widget\" data-e-type=\"widget\" data-widget_type=\"image.default\">\n\t\t\t\t<div class=\"elementor-widget-container\">\n\t\t\t\t\t\t\t\t\t\t\t\t<figure class=\"wp-caption\">\n\t\t\t\t\t\t\t\t\t\t<img loading=\"lazy\" decoding=\"async\" width=\"1024\" height=\"555\" src=\"https:\/\/si-schiffstechnik.com\/wp-content\/uploads\/2025\/04\/Heavy-Load-Carrier-Combi-Dock-II-web-1024x555.webp\" class=\"attachment-large size-large wp-image-4225\" alt=\"Heavy Load Carrier Combi Dock II\" srcset=\"https:\/\/si-schiffstechnik.com\/wp-content\/uploads\/2025\/04\/Heavy-Load-Carrier-Combi-Dock-II-web-1024x555.webp 1024w, https:\/\/si-schiffstechnik.com\/wp-content\/uploads\/2025\/04\/Heavy-Load-Carrier-Combi-Dock-II-web-300x163.webp 300w, https:\/\/si-schiffstechnik.com\/wp-content\/uploads\/2025\/04\/Heavy-Load-Carrier-Combi-Dock-II-web-768x417.jpg 768w, https:\/\/si-schiffstechnik.com\/wp-content\/uploads\/2025\/04\/Heavy-Load-Carrier-Combi-Dock-II-web-1536x833.jpg 1536w, https:\/\/si-schiffstechnik.com\/wp-content\/uploads\/2025\/04\/Heavy-Load-Carrier-Combi-Dock-II-web-2048x1111.jpg 2048w, https:\/\/si-schiffstechnik.com\/wp-content\/uploads\/2025\/04\/Heavy-Load-Carrier-Combi-Dock-II-web-scaled.webp 1920w\" sizes=\"(max-width: 1024px) 100vw, 1024px\" \/>\t\t\t\t\t\t\t\t\t\t\t<figcaption class=\"widget-image-caption wp-caption-text\">Schwerguttransporter Combi Dock II<\/figcaption>\n\t\t\t\t\t\t\t\t\t\t<\/figure>\n\t\t\t\t\t\t\t\t\t<\/div>\n\t\t\t\t<\/div>\n\t\t\t\t<div class=\"elementor-element elementor-element-d0c37de elementor-widget elementor-widget-image\" data-id=\"d0c37de\" data-element_type=\"widget\" data-e-type=\"widget\" data-widget_type=\"image.default\">\n\t\t\t\t<div class=\"elementor-widget-container\">\n\t\t\t\t\t\t\t\t\t\t\t\t<figure class=\"wp-caption\">\n\t\t\t\t\t\t\t\t\t\t<img loading=\"lazy\" decoding=\"async\" width=\"1024\" height=\"556\" src=\"https:\/\/si-schiffstechnik.com\/wp-content\/uploads\/2025\/04\/Heavy-Load-Carrier-LONE-web-1024x556.webp\" class=\"attachment-large size-large wp-image-4226\" alt=\"Heavy Load Carrier LONE\" srcset=\"https:\/\/si-schiffstechnik.com\/wp-content\/uploads\/2025\/04\/Heavy-Load-Carrier-LONE-web-1024x556.webp 1024w, https:\/\/si-schiffstechnik.com\/wp-content\/uploads\/2025\/04\/Heavy-Load-Carrier-LONE-web-300x163.webp 300w, https:\/\/si-schiffstechnik.com\/wp-content\/uploads\/2025\/04\/Heavy-Load-Carrier-LONE-web-768x417.webp 768w, https:\/\/si-schiffstechnik.com\/wp-content\/uploads\/2025\/04\/Heavy-Load-Carrier-LONE-web-1536x834.webp 1536w, https:\/\/si-schiffstechnik.com\/wp-content\/uploads\/2025\/04\/Heavy-Load-Carrier-LONE-web.webp 1920w\" sizes=\"(max-width: 1024px) 100vw, 1024px\" \/>\t\t\t\t\t\t\t\t\t\t\t<figcaption class=\"widget-image-caption wp-caption-text\">Schwerguttransporter LONE<\/figcaption>\n\t\t\t\t\t\t\t\t\t\t<\/figure>\n\t\t\t\t\t\t\t\t\t<\/div>\n\t\t\t\t<\/div>\n\t\t\t\t<div class=\"elementor-element elementor-element-1ff3fa9 elementor-widget elementor-widget-image\" data-id=\"1ff3fa9\" data-element_type=\"widget\" data-e-type=\"widget\" data-widget_type=\"image.default\">\n\t\t\t\t<div class=\"elementor-widget-container\">\n\t\t\t\t\t\t\t\t\t\t\t\t<figure class=\"wp-caption\">\n\t\t\t\t\t\t\t\t\t\t<img loading=\"lazy\" decoding=\"async\" width=\"1920\" height=\"1048\" src=\"https:\/\/si-schiffstechnik.com\/wp-content\/uploads\/2025\/07\/Megayachts-CVII-meets-Pelorus-erweitert.webp\" class=\"attachment-full size-full wp-image-4713\" alt=\"\" srcset=\"https:\/\/si-schiffstechnik.com\/wp-content\/uploads\/2025\/07\/Megayachts-CVII-meets-Pelorus-erweitert.webp 1920w, https:\/\/si-schiffstechnik.com\/wp-content\/uploads\/2025\/07\/Megayachts-CVII-meets-Pelorus-erweitert-300x164.webp 300w, https:\/\/si-schiffstechnik.com\/wp-content\/uploads\/2025\/07\/Megayachts-CVII-meets-Pelorus-erweitert-1024x559.webp 1024w, https:\/\/si-schiffstechnik.com\/wp-content\/uploads\/2025\/07\/Megayachts-CVII-meets-Pelorus-erweitert-768x419.webp 768w, https:\/\/si-schiffstechnik.com\/wp-content\/uploads\/2025\/07\/Megayachts-CVII-meets-Pelorus-erweitert-1536x838.webp 1536w\" sizes=\"(max-width: 1920px) 100vw, 1920px\" \/>\t\t\t\t\t\t\t\t\t\t\t<figcaption class=\"widget-image-caption wp-caption-text\">Megayachten CVII und Pelorus<\/figcaption>\n\t\t\t\t\t\t\t\t\t\t<\/figure>\n\t\t\t\t\t\t\t\t\t<\/div>\n\t\t\t\t<\/div>\n\t\t\t\t\t<\/div>\n\t\t\t\t<\/div>\n\t\t\t\t<\/div>","protected":false},"excerpt":{"rendered":"<p>References Solved Projects from well-known Customers Cruiseliner AIDAnova photo by Herman Ijsseling Cruiseliner Carnival Cruiseliner Norwegian Bliss Heavy Load Carrier Combi Dock II Heavy Load Carrier LONE Megayachts CVII and Pelorus<\/p>","protected":false},"author":4,"featured_media":4222,"parent":0,"menu_order":0,"comment_status":"closed","ping_status":"closed","template":"elementor_header_footer","meta":{"footnotes":""},"class_list":["post-4220","page","type-page","status-publish","has-post-thumbnail","hentry","entry","has-media"],"yoast_head":"<!-- This site is optimized with the Yoast SEO plugin v27.5 - https:\/\/yoast.com\/product\/yoast-seo-wordpress\/ -->\n<title>SI Schiffstechnik - Maritime Equipment from a Single Sales and Service Partner<\/title>\n<meta name=\"description\" content=\"Solved projects from SI Schiffstechnik from well known costumers.\" \/>\n<meta name=\"robots\" content=\"index, follow, max-snippet:-1, max-image-preview:large, max-video-preview:-1\" \/>\n<link rel=\"canonical\" href=\"https:\/\/si-schiffstechnik.com\/de\/references\/\" \/>\n<meta property=\"og:locale\" content=\"de_DE\" \/>\n<meta property=\"og:type\" content=\"article\" \/>\n<meta property=\"og:title\" content=\"SI Schiffstechnik - Maritime Equipment from a Single Sales and Service Partner\" \/>\n<meta property=\"og:description\" content=\"Solved projects from SI Schiffstechnik from well known costumers.\" \/>\n<meta property=\"og:url\" content=\"https:\/\/si-schiffstechnik.com\/de\/references\/\" \/>\n<meta property=\"og:site_name\" content=\"SI Schiffstechnik - Maritime Equipment from a Single Sales and Service Partner\" \/>\n<meta property=\"article:modified_time\" content=\"2026-04-07T07:58:02+00:00\" \/>\n<meta property=\"og:image\" content=\"https:\/\/si-schiffstechnik.com\/wp-content\/uploads\/2025\/04\/Cruiseliner-AIDAnova_herman_ijsseling-web.webp\" \/>\n\t<meta property=\"og:image:width\" content=\"1920\" \/>\n\t<meta property=\"og:image:height\" content=\"1042\" \/>\n\t<meta property=\"og:image:type\" content=\"image\/webp\" \/>\n<meta name=\"twitter:card\" content=\"summary_large_image\" \/>\n<meta name=\"twitter:label1\" content=\"Gesch\u00e4tzte Lesezeit\" \/>\n\t<meta name=\"twitter:data1\" content=\"2\u00a0Minuten\" \/>\n<script type=\"application\/ld+json\" class=\"yoast-schema-graph\">{\"@context\":\"https:\\\/\\\/schema.org\",\"@graph\":[{\"@type\":\"WebPage\",\"@id\":\"https:\\\/\\\/si-schiffstechnik.com\\\/references\\\/\",\"url\":\"https:\\\/\\\/si-schiffstechnik.com\\\/references\\\/\",\"name\":\"SI Schiffstechnik - Maritime Equipment from a Single Sales and Service Partner\",\"isPartOf\":{\"@id\":\"https:\\\/\\\/si-schiffstechnik.com\\\/#website\"},\"primaryImageOfPage\":{\"@id\":\"https:\\\/\\\/si-schiffstechnik.com\\\/references\\\/#primaryimage\"},\"image\":{\"@id\":\"https:\\\/\\\/si-schiffstechnik.com\\\/references\\\/#primaryimage\"},\"thumbnailUrl\":\"https:\\\/\\\/si-schiffstechnik.com\\\/wp-content\\\/uploads\\\/2025\\\/04\\\/Cruiseliner-AIDAnova_herman_ijsseling-web.webp\",\"datePublished\":\"2025-04-11T11:41:06+00:00\",\"dateModified\":\"2026-04-07T07:58:02+00:00\",\"description\":\"Solved projects from SI Schiffstechnik from well known costumers.\",\"breadcrumb\":{\"@id\":\"https:\\\/\\\/si-schiffstechnik.com\\\/references\\\/#breadcrumb\"},\"inLanguage\":\"de\",\"potentialAction\":[{\"@type\":\"ReadAction\",\"target\":[\"https:\\\/\\\/si-schiffstechnik.com\\\/references\\\/\"]}]},{\"@type\":\"ImageObject\",\"inLanguage\":\"de\",\"@id\":\"https:\\\/\\\/si-schiffstechnik.com\\\/references\\\/#primaryimage\",\"url\":\"https:\\\/\\\/si-schiffstechnik.com\\\/wp-content\\\/uploads\\\/2025\\\/04\\\/Cruiseliner-AIDAnova_herman_ijsseling-web.webp\",\"contentUrl\":\"https:\\\/\\\/si-schiffstechnik.com\\\/wp-content\\\/uploads\\\/2025\\\/04\\\/Cruiseliner-AIDAnova_herman_ijsseling-web.webp\",\"width\":1920,\"height\":1042,\"caption\":\"Cruiseliner AIDAnova photo by Herman Ijsseling\"},{\"@type\":\"BreadcrumbList\",\"@id\":\"https:\\\/\\\/si-schiffstechnik.com\\\/references\\\/#breadcrumb\",\"itemListElement\":[{\"@type\":\"ListItem\",\"position\":1,\"name\":\"Startseite\",\"item\":\"https:\\\/\\\/si-schiffstechnik.com\\\/\"},{\"@type\":\"ListItem\",\"position\":2,\"name\":\"References\"}]},{\"@type\":\"WebSite\",\"@id\":\"https:\\\/\\\/si-schiffstechnik.com\\\/#website\",\"url\":\"https:\\\/\\\/si-schiffstechnik.com\\\/\",\"name\":\"SI Schiffstechnik - Maritime Equipment from a Single Sales and Service Partner\",\"description\":\"Ship Equipment - Manoeuvring, Propulsion, Vacuum Sanitary Systems, Sewage Treatment, Ballast Water Management\",\"publisher\":{\"@id\":\"https:\\\/\\\/si-schiffstechnik.com\\\/#organization\"},\"potentialAction\":[{\"@type\":\"SearchAction\",\"target\":{\"@type\":\"EntryPoint\",\"urlTemplate\":\"https:\\\/\\\/si-schiffstechnik.com\\\/?s={search_term_string}\"},\"query-input\":{\"@type\":\"PropertyValueSpecification\",\"valueRequired\":true,\"valueName\":\"search_term_string\"}}],\"inLanguage\":\"de\"},{\"@type\":\"Organization\",\"@id\":\"https:\\\/\\\/si-schiffstechnik.com\\\/#organization\",\"name\":\"SI Schiffstechnik - Maritime Equipment from a Single Sales and Service Partner\",\"url\":\"https:\\\/\\\/si-schiffstechnik.com\\\/\",\"logo\":{\"@type\":\"ImageObject\",\"inLanguage\":\"de\",\"@id\":\"https:\\\/\\\/si-schiffstechnik.com\\\/#\\\/schema\\\/logo\\\/image\\\/\",\"url\":\"https:\\\/\\\/si-schiffstechnik.com\\\/wp-content\\\/uploads\\\/2025\\\/01\\\/SI_Schiffstechnik_Logo_Web-e1737580804105.png\",\"contentUrl\":\"https:\\\/\\\/si-schiffstechnik.com\\\/wp-content\\\/uploads\\\/2025\\\/01\\\/SI_Schiffstechnik_Logo_Web-e1737580804105.png\",\"width\":812,\"height\":208,\"caption\":\"SI Schiffstechnik - Maritime Equipment from a Single Sales and Service Partner\"},\"image\":{\"@id\":\"https:\\\/\\\/si-schiffstechnik.com\\\/#\\\/schema\\\/logo\\\/image\\\/\"}}]}<\/script>\n<!-- \/ Yoast SEO plugin. -->","yoast_head_json":{"title":"SI Schiffstechnik \u2013 Maritime Ausr\u00fcstung aus einer Hand von Vertrieb und Service","description":"Solved projects from SI Schiffstechnik from well known costumers.","robots":{"index":"index","follow":"follow","max-snippet":"max-snippet:-1","max-image-preview":"max-image-preview:large","max-video-preview":"max-video-preview:-1"},"canonical":"https:\/\/si-schiffstechnik.com\/de\/references\/","og_locale":"de_DE","og_type":"article","og_title":"SI Schiffstechnik - Maritime Equipment from a Single Sales and Service Partner","og_description":"Solved projects from SI Schiffstechnik from well known costumers.","og_url":"https:\/\/si-schiffstechnik.com\/de\/references\/","og_site_name":"SI Schiffstechnik - Maritime Equipment from a Single Sales and Service Partner","article_modified_time":"2026-04-07T07:58:02+00:00","og_image":[{"width":1920,"height":1042,"url":"https:\/\/si-schiffstechnik.com\/wp-content\/uploads\/2025\/04\/Cruiseliner-AIDAnova_herman_ijsseling-web.webp","type":"image\/webp"}],"twitter_card":"summary_large_image","twitter_misc":{"Gesch\u00e4tzte Lesezeit":"2\u00a0Minuten"},"schema":{"@context":"https:\/\/schema.org","@graph":[{"@type":"WebPage","@id":"https:\/\/si-schiffstechnik.com\/references\/","url":"https:\/\/si-schiffstechnik.com\/references\/","name":"SI Schiffstechnik \u2013 Maritime Ausr\u00fcstung aus einer Hand von Vertrieb und Service","isPartOf":{"@id":"https:\/\/si-schiffstechnik.com\/#website"},"primaryImageOfPage":{"@id":"https:\/\/si-schiffstechnik.com\/references\/#primaryimage"},"image":{"@id":"https:\/\/si-schiffstechnik.com\/references\/#primaryimage"},"thumbnailUrl":"https:\/\/si-schiffstechnik.com\/wp-content\/uploads\/2025\/04\/Cruiseliner-AIDAnova_herman_ijsseling-web.webp","datePublished":"2025-04-11T11:41:06+00:00","dateModified":"2026-04-07T07:58:02+00:00","description":"Solved projects from SI Schiffstechnik from well known costumers.","breadcrumb":{"@id":"https:\/\/si-schiffstechnik.com\/references\/#breadcrumb"},"inLanguage":"de","potentialAction":[{"@type":"ReadAction","target":["https:\/\/si-schiffstechnik.com\/references\/"]}]},{"@type":"ImageObject","inLanguage":"de","@id":"https:\/\/si-schiffstechnik.com\/references\/#primaryimage","url":"https:\/\/si-schiffstechnik.com\/wp-content\/uploads\/2025\/04\/Cruiseliner-AIDAnova_herman_ijsseling-web.webp","contentUrl":"https:\/\/si-schiffstechnik.com\/wp-content\/uploads\/2025\/04\/Cruiseliner-AIDAnova_herman_ijsseling-web.webp","width":1920,"height":1042,"caption":"Cruiseliner AIDAnova photo by Herman Ijsseling"},{"@type":"BreadcrumbList","@id":"https:\/\/si-schiffstechnik.com\/references\/#breadcrumb","itemListElement":[{"@type":"ListItem","position":1,"name":"Startseite","item":"https:\/\/si-schiffstechnik.com\/"},{"@type":"ListItem","position":2,"name":"References"}]},{"@type":"WebSite","@id":"https:\/\/si-schiffstechnik.com\/#website","url":"https:\/\/si-schiffstechnik.com\/","name":"SI Schiffstechnik \u2013 Maritime Ausr\u00fcstung aus einer Hand von Vertrieb und Service","description":"Schiffsausr\u00fcstung - Man\u00f6vrieren, Antrieb, Vakuumsanit\u00e4reinrichtungen, Abwasserbehandlung, Ballastwassermanagement","publisher":{"@id":"https:\/\/si-schiffstechnik.com\/#organization"},"potentialAction":[{"@type":"SearchAction","target":{"@type":"EntryPoint","urlTemplate":"https:\/\/si-schiffstechnik.com\/?s={search_term_string}"},"query-input":{"@type":"PropertyValueSpecification","valueRequired":true,"valueName":"search_term_string"}}],"inLanguage":"de"},{"@type":"Organization","@id":"https:\/\/si-schiffstechnik.com\/#organization","name":"SI Schiffstechnik \u2013 Maritime Ausr\u00fcstung aus einer Hand von Vertrieb und Service","url":"https:\/\/si-schiffstechnik.com\/","logo":{"@type":"ImageObject","inLanguage":"de","@id":"https:\/\/si-schiffstechnik.com\/#\/schema\/logo\/image\/","url":"https:\/\/si-schiffstechnik.com\/wp-content\/uploads\/2025\/01\/SI_Schiffstechnik_Logo_Web-e1737580804105.png","contentUrl":"https:\/\/si-schiffstechnik.com\/wp-content\/uploads\/2025\/01\/SI_Schiffstechnik_Logo_Web-e1737580804105.png","width":812,"height":208,"caption":"SI Schiffstechnik - Maritime Equipment from a Single Sales and Service Partner"},"image":{"@id":"https:\/\/si-schiffstechnik.com\/#\/schema\/logo\/image\/"}}]}},"_links":{"self":[{"href":"https:\/\/si-schiffstechnik.com\/de\/wp-json\/wp\/v2\/pages\/4220","targetHints":{"allow":["GET"]}}],"collection":[{"href":"https:\/\/si-schiffstechnik.com\/de\/wp-json\/wp\/v2\/pages"}],"about":[{"href":"https:\/\/si-schiffstechnik.com\/de\/wp-json\/wp\/v2\/types\/page"}],"author":[{"embeddable":true,"href":"https:\/\/si-schiffstechnik.com\/de\/wp-json\/wp\/v2\/users\/4"}],"replies":[{"embeddable":true,"href":"https:\/\/si-schiffstechnik.com\/de\/wp-json\/wp\/v2\/comments?post=4220"}],"version-history":[{"count":26,"href":"https:\/\/si-schiffstechnik.com\/de\/wp-json\/wp\/v2\/pages\/4220\/revisions"}],"predecessor-version":[{"id":5052,"href":"https:\/\/si-schiffstechnik.com\/de\/wp-json\/wp\/v2\/pages\/4220\/revisions\/5052"}],"wp:featuredmedia":[{"embeddable":true,"href":"https:\/\/si-schiffstechnik.com\/de\/wp-json\/wp\/v2\/media\/4222"}],"wp:attachment":[{"href":"https:\/\/si-schiffstechnik.com\/de\/wp-json\/wp\/v2\/media?parent=4220"}],"curies":[{"name":"wp","href":"https:\/\/api.w.org\/{rel}","templated":true}]}}