{"id":3892,"date":"2025-03-18T11:55:30","date_gmt":"2025-03-18T11:55:30","guid":{"rendered":"https:\/\/si-schiffstechnik.com\/?page_id=3892"},"modified":"2025-08-11T08:24:31","modified_gmt":"2025-08-11T08:24:31","slug":"imprint","status":"publish","type":"page","link":"https:\/\/si-schiffstechnik.com\/de\/imprint\/","title":{"rendered":"Impressum"},"content":{"rendered":"<div data-elementor-type=\"wp-page\" data-elementor-id=\"3892\" class=\"elementor elementor-3892\" data-elementor-post-type=\"page\">\n\t\t\t\t<div class=\"elementor-element elementor-element-1a3b7a8 e-con-full e-flex e-con e-parent\" data-id=\"1a3b7a8\" data-element_type=\"container\" data-e-type=\"container\" data-settings=\"{&quot;background_background&quot;:&quot;classic&quot;}\">\n\t\t<div class=\"elementor-element elementor-element-98e0085 e-con-full e-flex e-con e-child\" data-id=\"98e0085\" data-element_type=\"container\" data-e-type=\"container\" data-settings=\"{&quot;background_background&quot;:&quot;classic&quot;}\">\n\t\t\t\t<div class=\"elementor-element elementor-element-4414223 e-n-tabs-mobile elementor-widget elementor-widget-n-tabs\" data-id=\"4414223\" data-element_type=\"widget\" data-e-type=\"widget\" data-settings=\"{&quot;tabs_justify_horizontal&quot;:&quot;start&quot;,&quot;horizontal_scroll&quot;:&quot;disable&quot;}\" data-widget_type=\"nested-tabs.default\">\n\t\t\t\t<div class=\"elementor-widget-container\">\n\t\t\t\t\t\t\t<div class=\"e-n-tabs\" data-widget-number=\"71385635\" aria-label=\"Tabs. \u00d6ffnen Sie Elemente mit Enter oder Leertaste, schlie\u00dfen Sie mit Esc und navigieren Sie mit den Pfeiltasten.\">\n\t\t\t<div class=\"e-n-tabs-heading\" role=\"tablist\">\n\t\t\t\t\t<button id=\"e-n-tab-title-713856351\" data-tab-title-id=\"e-n-tab-title-713856351\" class=\"e-n-tab-title\" aria-selected=\"true\" data-tab-index=\"1\" role=\"tab\" tabindex=\"0\" aria-controls=\"e-n-tab-content-713856351\" style=\"--n-tabs-title-order: 1;\">\n\t\t\t\t\t\t<span class=\"e-n-tab-title-text\">\n\t\t\t\tImpressum I ENG\t\t\t<\/span>\n\t\t<\/button>\n\t\t\t\t<button id=\"e-n-tab-title-713856352\" data-tab-title-id=\"e-n-tab-title-713856352\" class=\"e-n-tab-title\" aria-selected=\"false\" data-tab-index=\"2\" role=\"tab\" tabindex=\"-1\" aria-controls=\"e-n-tab-content-713856352\" style=\"--n-tabs-title-order: 2;\">\n\t\t\t\t\t\t<span class=\"e-n-tab-title-text\">\n\t\t\t\tImpressum\t\t\t<\/span>\n\t\t<\/button>\n\t\t\t\t\t<\/div>\n\t\t\t<div class=\"e-n-tabs-content\">\n\t\t\t\t<div id=\"e-n-tab-content-713856351\" role=\"tabpanel\" aria-labelledby=\"e-n-tab-title-713856351\" data-tab-index=\"1\" style=\"--n-tabs-title-order: 1;\" class=\"e-active elementor-element elementor-element-06b4272 e-con-full e-flex e-con e-child\" data-id=\"06b4272\" data-element_type=\"container\" data-e-type=\"container\">\n\t\t\t\t<div class=\"elementor-element elementor-element-aad7096 elementor-icon-list--layout-traditional elementor-list-item-link-full_width elementor-invisible elementor-widget elementor-widget-icon-list\" data-id=\"aad7096\" data-element_type=\"widget\" data-e-type=\"widget\" data-settings=\"{&quot;_animation&quot;:&quot;fadeInDown&quot;}\" data-widget_type=\"icon-list.default\">\n\t\t\t\t<div class=\"elementor-widget-container\">\n\t\t\t\t\t\t\t<ul class=\"elementor-icon-list-items\">\n\t\t\t\t\t\t\t<li class=\"elementor-icon-list-item\">\n\t\t\t\t\t\t\t\t\t\t\t<span class=\"elementor-icon-list-icon\">\n\t\t\t\t\t\t\t<svg aria-hidden=\"true\" class=\"e-font-icon-svg e-fas-square-full\" viewbox=\"0 0 512 512\" xmlns=\"http:\/\/www.w3.org\/2000\/svg\"><path d=\"M512 512H0V0h512v512z\"><\/path><\/svg>\t\t\t\t\t\t<\/span>\n\t\t\t\t\t\t\t\t\t\t<span class=\"elementor-icon-list-text\">Impressum<\/span>\n\t\t\t\t\t\t\t\t\t<\/li>\n\t\t\t\t\t\t<\/ul>\n\t\t\t\t\t\t<\/div>\n\t\t\t\t<\/div>\n\t\t\t\t<div class=\"elementor-element elementor-element-143e928 elementor-widget elementor-widget-heading\" data-id=\"143e928\" data-element_type=\"widget\" data-e-type=\"widget\" data-widget_type=\"heading.default\">\n\t\t\t\t<div class=\"elementor-widget-container\">\n\t\t\t\t\t<h3 class=\"elementor-heading-title elementor-size-default\">Impressum<\/h3>\t\t\t\t<\/div>\n\t\t\t\t<\/div>\n\t\t\t\t<div class=\"elementor-element elementor-element-4f64768 elementor-widget elementor-widget-text-editor\" data-id=\"4f64768\" data-element_type=\"widget\" data-e-type=\"widget\" data-widget_type=\"text-editor.default\">\n\t\t\t\t<div class=\"elementor-widget-container\">\n\t\t\t\t\t\t\t\t\t<p>SI Schiffstechnik GmbH &amp; Co. KG<br \/>Robert-Bosch-Stra\u00dfe 7a<br \/>23909 Ratzeburg<\/p><p>Handelsregister: HRA 10154 HL<br \/>Registergericht: Amtsgericht L\u00fcbeck<\/p><p><strong>Vertreten durch:<\/strong><br \/>SI Schiffstechnik Verwaltungs GmbH<br \/>Robert-Bosch-Stra\u00dfe 7a<br \/>23909 Ratzeburg<\/p><p>Derjenige, der repr\u00e4sentiert wird durch:<br \/>Dipl.-Ing. J\u00f6rg Steinbach,<br \/>B.Eng. Claudius Steinbach<\/p><p>Handelsregister: HRB 21340 HL<br \/>Registergericht: Amtsgericht L\u00fcbeck<\/p><h2>Kontakt<\/h2><p>Telefon: +49 4541 80261-0<br \/>Telefax: +49 4541 80261-20<br \/>E-Mail: info@si-schiffstechnik.de<\/p><h2>USt-IdNr.<\/h2><p>Umsatzsteuer-Identifikationsnummer nach \u00a7 27 a UStG:<br \/>DE344350487<\/p><h2>EU-Streitbeilegung<\/h2><p>Die Europ\u00e4ische Kommission bietet eine Plattform zur Online-Streitbeilegung (OS): <a href=\"https:\/\/ec.europa.eu\/consumers\/odr\/\" target=\"_blank\" rel=\"noopener noreferrer\">https:\/\/ec.europa.eu\/consumers\/odr\/<\/a>.<br \/>Unsere E-Mail-Adresse finden Sie oben im Impressum.<\/p><h2>Schlichtungsverfahren vor einer Verbraucherschlichtungsstelle<\/h2><p>Wir sind nicht bereit oder verpflichtet, an Streitbeilegungsverfahren vor einer Verbraucherschlichtungsstelle teilzunehmen.<\/p><h2>Bildnachweise<\/h2><p>Industrie- und Unternehmensfotografie<strong> \u00a9Ramona Petrolle<\/strong><br \/>Luxuri\u00f6se, teure wei\u00dfe Yacht auf See oder Ozeanwasser w\u00e4hrend der Sonnenuntergangsfotografie. Kreuzfahrtschiff im Sommer, Wassertourismus f\u00fcr Reiche und Wohlhabende.<strong> \u00a9Infinity Lens<br \/><\/strong>Kroatien. Yachten auf See. Luftaufnahme eines luxuri\u00f6sen schwimmenden Bootes auf der blauen Adria an einem sonnigen Tag. Reise \u2013 Bild <strong>\u00a9biletskiyevgeniy.com<br \/><\/strong>Konto-Foto eines luxuri\u00f6sen Kreuzfahrtschiffes, das bei Sonnenuntergang auf offener See f\u00e4hrt <strong>\u00a9zaen_studio<\/strong><br \/>Luftaufnahme eines Frachtschiffs, das Container f\u00fcr Import und Export transportiert, Logistik und Transport auf offener See mit Platz f\u00fcr Text <strong>\u00a9moofushi<br \/><\/strong>Illustration eines Marineingenieurs mit einer Blaupause und einem unscharfen gro\u00dfen Schiff im Hintergrund. Erstellt mit generativer KI-Technologie. <strong>\u00a9Adrian Grosu<br \/><\/strong>Motorboot auf dem See aus der Vogelperspektive <strong>\u00a9<\/strong><strong>Artur Kowalczyk<br \/><\/strong>Ingenieur, Vermesser am Heck und Schiffspropeller, Ruder rot nach Wartung bereits im Schwimmdock in der Werft Thailand <strong>\u00a9TawanSaklay<\/strong><br \/>Gro\u00dfer Containerschiff navigiert auf ruhigem blauem Ozean, Seetransport, globale Schifffahrt <strong>\u00a9Cheewynn<br \/><\/strong>Ratzeburg in Schleswig-Holstein from the air <strong>\u00a9NEWS&amp;ART<br \/><\/strong>Mole an der Ostseek\u00fcste in Warnem\u00fcnde w\u00e4hrend des Sturms Zeynep<strong> \u00a9 Rico K\u00f6dder<\/strong><\/p>\t\t\t\t\t\t\t\t<\/div>\n\t\t\t\t<\/div>\n\t\t\t\t<\/div>\n\t\t<div id=\"e-n-tab-content-713856352\" role=\"tabpanel\" aria-labelledby=\"e-n-tab-title-713856352\" data-tab-index=\"2\" style=\"--n-tabs-title-order: 2;\" class=\"elementor-element elementor-element-dc474d4 e-con-full e-flex e-con e-child\" data-id=\"dc474d4\" data-element_type=\"container\" data-e-type=\"container\">\n\t\t\t\t<div class=\"elementor-element elementor-element-1ba6147 elementor-icon-list--layout-traditional elementor-list-item-link-full_width elementor-invisible elementor-widget elementor-widget-icon-list\" data-id=\"1ba6147\" data-element_type=\"widget\" data-e-type=\"widget\" data-settings=\"{&quot;_animation&quot;:&quot;fadeInDown&quot;}\" data-widget_type=\"icon-list.default\">\n\t\t\t\t<div class=\"elementor-widget-container\">\n\t\t\t\t\t\t\t<ul class=\"elementor-icon-list-items\">\n\t\t\t\t\t\t\t<li class=\"elementor-icon-list-item\">\n\t\t\t\t\t\t\t\t\t\t\t<span class=\"elementor-icon-list-icon\">\n\t\t\t\t\t\t\t<svg aria-hidden=\"true\" class=\"e-font-icon-svg e-fas-square-full\" viewbox=\"0 0 512 512\" xmlns=\"http:\/\/www.w3.org\/2000\/svg\"><path d=\"M512 512H0V0h512v512z\"><\/path><\/svg>\t\t\t\t\t\t<\/span>\n\t\t\t\t\t\t\t\t\t\t<span class=\"elementor-icon-list-text\">Impressum<\/span>\n\t\t\t\t\t\t\t\t\t<\/li>\n\t\t\t\t\t\t<\/ul>\n\t\t\t\t\t\t<\/div>\n\t\t\t\t<\/div>\n\t\t\t\t<div class=\"elementor-element elementor-element-9e4631d elementor-widget elementor-widget-heading\" data-id=\"9e4631d\" data-element_type=\"widget\" data-e-type=\"widget\" data-widget_type=\"heading.default\">\n\t\t\t\t<div class=\"elementor-widget-container\">\n\t\t\t\t\t<h3 class=\"elementor-heading-title elementor-size-default\">Impressum<\/h3>\t\t\t\t<\/div>\n\t\t\t\t<\/div>\n\t\t\t\t<div class=\"elementor-element elementor-element-2685c76 elementor-widget elementor-widget-text-editor\" data-id=\"2685c76\" data-element_type=\"widget\" data-e-type=\"widget\" data-widget_type=\"text-editor.default\">\n\t\t\t\t<div class=\"elementor-widget-container\">\n\t\t\t\t\t\t\t\t\t<p>SI Schiffstechnik GmbH &amp; Co. KG<br \/>Robert-Bosch-Stra\u00dfe 7a<br \/>23909 Ratzeburg<\/p><p>Handelsregister: HRA 10154 HL<br \/>Registergericht: Amtsgericht L\u00fcbeck<\/p><p><strong>Vertreten durch:<br \/><\/strong>SI Schiffstechnik Verwaltungs GmbH<br \/>Robert-Bosch-Stra\u00dfe 7a<br \/>23909 Ratzeburg<\/p><p>diese vertreten durch:<br \/>Dipl.-Ing. J\u00f6rg Steinbach,<br \/>B.Eng. Claudius Steinbach<\/p><p>Handelsregister: HRB 21340 HL<br \/>Registergericht: Amtsgericht L\u00fcbeck<\/p><h2>Kontakt<\/h2><p>Telefon: +49 4541 80261-0<br \/>Telefax: +49 4541 80261-20<br \/>E-Mail: info@si-schiffstechnik.com<\/p><h2>Umsatzsteuer-Identifikationsnummer<\/h2><p>Umsatzsteuer-Identifikationsnummer gem\u00e4\u00df \u00a7 27 a Umsatzsteuergesetz:<br \/>DE344350487<\/p><h2>EU-Streitbeilegung<\/h2><p>Die Europ\u00e4ische Kommission stellt eine Plattform zur Online-Streitbeilegung (OS) bereit: <a href=\"https:\/\/ec.europa.eu\/consumers\/odr\/\" target=\"_blank\" rel=\"noopener noreferrer\">https:\/\/ec.europa.eu\/consumers\/odr\/<\/a>.<br \/>Sie finden unsere E-Mail-Adresse oben im Impressum.<\/p><h2>Verbraucherschlichtung \/ Allgemeine Verbraucherschlichtungsstelle<\/h2><p>Wir sind nicht bereit oder verpflichtet, an Streitbeilegungsverfahren vor einer Verbraucherschlichtungsstelle teilzunehmen.<\/p><h2>Bildnachweise<\/h2><p>Luxuri\u00f6se, teure wei\u00dfe Yacht auf See oder Ozeanwasser w\u00e4hrend der Sonnenuntergangsfotografie. Kreuzfahrtschiff im Sommer, Wassertourismus f\u00fcr Reiche und Wohlhabende.<strong> \u00a9Infinity Lens<br \/><\/strong>Kroatien. Yachten auf See. Luftaufnahme eines luxuri\u00f6sen schwimmenden Bootes auf der blauen Adria an einem sonnigen Tag. Reise \u2013 Bild <strong>\u00a9biletskiyevgeniy.com<br \/><\/strong>Konto-Foto eines luxuri\u00f6sen Kreuzfahrtschiffes, das bei Sonnenuntergang auf offener See f\u00e4hrt <strong>\u00a9zaen_studio<\/strong><br \/>Luftaufnahme eines Frachtschiffs, das Container f\u00fcr Import und Export transportiert, Logistik und Transport auf offener See mit Platz f\u00fcr Text <strong>\u00a9moofushi<br \/><\/strong>Illustration eines Marineingenieurs mit einer Blaupause und einem unscharfen gro\u00dfen Schiff im Hintergrund. Erstellt mit generativer KI-Technologie. <strong>\u00a9Adrian Grosu<br \/><\/strong>Motorboot auf dem See aus der Vogelperspektive <strong>\u00a9<\/strong><strong>Artur Kowalczyk<br \/><\/strong>Ingenieur, Vermesser am Heck und Schiffspropeller, Ruder rot nach Wartung bereits im Schwimmdock in der Werft Thailand <strong>\u00a9TawanSaklay<\/strong><br \/>Gro\u00dfer Containerschiff navigiert auf ruhigem blauem Ozean, Seetransport, globale Schifffahrt <strong>\u00a9Cheewynn<br \/><\/strong>Ratzeburg in Schleswig-Holstein from the air <strong>\u00a9NEWS&amp;ART<br \/><\/strong>Mole an der Ostseek\u00fcste in Warnem\u00fcnde w\u00e4hrend des Sturms Zeynep<strong> \u00a9 Rico K\u00f6dder<\/strong><\/p>\t\t\t\t\t\t\t\t<\/div>\n\t\t\t\t<\/div>\n\t\t\t\t<\/div>\n\t\t\t\t\t<\/div>\n\t\t<\/div>\n\t\t\t\t\t\t<\/div>\n\t\t\t\t<\/div>\n\t\t\t\t<\/div>\n\t\t\t\t<\/div>\n\t\t\t\t<\/div>","protected":false},"excerpt":{"rendered":"<p>Imprint I ENG Impressum I DE Imprint Imprint SI Schiffstechnik GmbH &amp; Co. KGRobert-Bosch-Stra\u00dfe 7a23909 Ratzeburg Commercial Register: HRA 10154 HLRegistration Court: Amtsgericht L\u00fcbeck Represented by:SI Schiffstechnik Verwaltungs GmbHRobert-Bosch-Stra\u00dfe 7a23909 Ratzeburg That one represented by:Dipl.-Ing. J\u00f6rg\u00a0Steinbach,B.Eng. Claudius\u00a0Steinbach Commercial Register: HRB 21340 HLRegistering court: Amtsgericht L\u00fcbeck Contact Phone: +49 4541 80261-0Telefax: +49 4541 80261-20E-mail: info@si-schiffstechnik.de VAT [&hellip;]<\/p>\n","protected":false},"author":4,"featured_media":1591,"parent":0,"menu_order":0,"comment_status":"closed","ping_status":"closed","template":"elementor_header_footer","meta":{"footnotes":""},"class_list":["post-3892","page","type-page","status-publish","has-post-thumbnail","hentry","entry","has-media"],"yoast_head":"<!-- This site is optimized with the Yoast SEO plugin v27.5 - https:\/\/yoast.com\/product\/yoast-seo-wordpress\/ -->\n<title>SI Schiffstechnik - Maritime Equipment from a Single Sales and Service Partner<\/title>\n<meta name=\"robots\" content=\"index, follow, max-snippet:-1, max-image-preview:large, max-video-preview:-1\" \/>\n<link rel=\"canonical\" href=\"https:\/\/si-schiffstechnik.com\/de\/imprint\/\" \/>\n<meta property=\"og:locale\" content=\"de_DE\" \/>\n<meta property=\"og:type\" content=\"article\" \/>\n<meta property=\"og:title\" content=\"SI Schiffstechnik - Maritime Equipment from a Single Sales and Service Partner\" \/>\n<meta property=\"og:description\" content=\"Imprint I ENG Impressum I DE Imprint Imprint SI Schiffstechnik GmbH &amp; Co. KGRobert-Bosch-Stra\u00dfe 7a23909 Ratzeburg Commercial Register: HRA 10154 HLRegistration Court: Amtsgericht L\u00fcbeck Represented by:SI Schiffstechnik Verwaltungs GmbHRobert-Bosch-Stra\u00dfe 7a23909 Ratzeburg That one represented by:Dipl.-Ing. J\u00f6rg\u00a0Steinbach,B.Eng. Claudius\u00a0Steinbach Commercial Register: HRB 21340 HLRegistering court: Amtsgericht L\u00fcbeck Contact Phone: +49 4541 80261-0Telefax: +49 4541 80261-20E-mail: info@si-schiffstechnik.de VAT [&hellip;]\" \/>\n<meta property=\"og:url\" content=\"https:\/\/si-schiffstechnik.com\/de\/imprint\/\" \/>\n<meta property=\"og:site_name\" content=\"SI Schiffstechnik - Maritime Equipment from a Single Sales and Service Partner\" \/>\n<meta property=\"article:modified_time\" content=\"2025-08-11T08:24:31+00:00\" \/>\n<meta property=\"og:image\" content=\"https:\/\/si-schiffstechnik.com\/wp-content\/uploads\/2025\/01\/gebaeude-schraeg@2x.webp\" \/>\n\t<meta property=\"og:image:width\" content=\"1280\" \/>\n\t<meta property=\"og:image:height\" content=\"640\" \/>\n\t<meta property=\"og:image:type\" content=\"image\/webp\" \/>\n<meta name=\"twitter:card\" content=\"summary_large_image\" \/>\n<meta name=\"twitter:label1\" content=\"Gesch\u00e4tzte Lesezeit\" \/>\n\t<meta name=\"twitter:data1\" content=\"7\u00a0Minuten\" \/>\n<script type=\"application\/ld+json\" class=\"yoast-schema-graph\">{\"@context\":\"https:\\\/\\\/schema.org\",\"@graph\":[{\"@type\":\"WebPage\",\"@id\":\"https:\\\/\\\/si-schiffstechnik.com\\\/imprint\\\/\",\"url\":\"https:\\\/\\\/si-schiffstechnik.com\\\/imprint\\\/\",\"name\":\"SI Schiffstechnik - Maritime Equipment from a Single Sales and Service Partner\",\"isPartOf\":{\"@id\":\"https:\\\/\\\/si-schiffstechnik.com\\\/#website\"},\"primaryImageOfPage\":{\"@id\":\"https:\\\/\\\/si-schiffstechnik.com\\\/imprint\\\/#primaryimage\"},\"image\":{\"@id\":\"https:\\\/\\\/si-schiffstechnik.com\\\/imprint\\\/#primaryimage\"},\"thumbnailUrl\":\"https:\\\/\\\/si-schiffstechnik.com\\\/wp-content\\\/uploads\\\/2025\\\/01\\\/gebaeude-schraeg@2x.webp\",\"datePublished\":\"2025-03-18T11:55:30+00:00\",\"dateModified\":\"2025-08-11T08:24:31+00:00\",\"breadcrumb\":{\"@id\":\"https:\\\/\\\/si-schiffstechnik.com\\\/imprint\\\/#breadcrumb\"},\"inLanguage\":\"de\",\"potentialAction\":[{\"@type\":\"ReadAction\",\"target\":[\"https:\\\/\\\/si-schiffstechnik.com\\\/imprint\\\/\"]}]},{\"@type\":\"ImageObject\",\"inLanguage\":\"de\",\"@id\":\"https:\\\/\\\/si-schiffstechnik.com\\\/imprint\\\/#primaryimage\",\"url\":\"https:\\\/\\\/si-schiffstechnik.com\\\/wp-content\\\/uploads\\\/2025\\\/01\\\/gebaeude-schraeg@2x.webp\",\"contentUrl\":\"https:\\\/\\\/si-schiffstechnik.com\\\/wp-content\\\/uploads\\\/2025\\\/01\\\/gebaeude-schraeg@2x.webp\",\"width\":1280,\"height\":640},{\"@type\":\"BreadcrumbList\",\"@id\":\"https:\\\/\\\/si-schiffstechnik.com\\\/imprint\\\/#breadcrumb\",\"itemListElement\":[{\"@type\":\"ListItem\",\"position\":1,\"name\":\"Startseite\",\"item\":\"https:\\\/\\\/si-schiffstechnik.com\\\/\"},{\"@type\":\"ListItem\",\"position\":2,\"name\":\"Imprint\"}]},{\"@type\":\"WebSite\",\"@id\":\"https:\\\/\\\/si-schiffstechnik.com\\\/#website\",\"url\":\"https:\\\/\\\/si-schiffstechnik.com\\\/\",\"name\":\"SI Schiffstechnik - Maritime Equipment from a Single Sales and Service Partner\",\"description\":\"Ship Equipment - Manoeuvring, Propulsion, Vacuum Sanitary Systems, Sewage Treatment, Ballast Water Management\",\"publisher\":{\"@id\":\"https:\\\/\\\/si-schiffstechnik.com\\\/#organization\"},\"potentialAction\":[{\"@type\":\"SearchAction\",\"target\":{\"@type\":\"EntryPoint\",\"urlTemplate\":\"https:\\\/\\\/si-schiffstechnik.com\\\/?s={search_term_string}\"},\"query-input\":{\"@type\":\"PropertyValueSpecification\",\"valueRequired\":true,\"valueName\":\"search_term_string\"}}],\"inLanguage\":\"de\"},{\"@type\":\"Organization\",\"@id\":\"https:\\\/\\\/si-schiffstechnik.com\\\/#organization\",\"name\":\"SI Schiffstechnik - Maritime Equipment from a Single Sales and Service Partner\",\"url\":\"https:\\\/\\\/si-schiffstechnik.com\\\/\",\"logo\":{\"@type\":\"ImageObject\",\"inLanguage\":\"de\",\"@id\":\"https:\\\/\\\/si-schiffstechnik.com\\\/#\\\/schema\\\/logo\\\/image\\\/\",\"url\":\"https:\\\/\\\/si-schiffstechnik.com\\\/wp-content\\\/uploads\\\/2025\\\/01\\\/SI_Schiffstechnik_Logo_Web-e1737580804105.png\",\"contentUrl\":\"https:\\\/\\\/si-schiffstechnik.com\\\/wp-content\\\/uploads\\\/2025\\\/01\\\/SI_Schiffstechnik_Logo_Web-e1737580804105.png\",\"width\":812,\"height\":208,\"caption\":\"SI Schiffstechnik - Maritime Equipment from a Single Sales and Service Partner\"},\"image\":{\"@id\":\"https:\\\/\\\/si-schiffstechnik.com\\\/#\\\/schema\\\/logo\\\/image\\\/\"}}]}<\/script>\n<!-- \/ Yoast SEO plugin. -->","yoast_head_json":{"title":"SI Schiffstechnik \u2013 Maritime Ausr\u00fcstung aus einer Hand von Vertrieb und Service","robots":{"index":"index","follow":"follow","max-snippet":"max-snippet:-1","max-image-preview":"max-image-preview:large","max-video-preview":"max-video-preview:-1"},"canonical":"https:\/\/si-schiffstechnik.com\/de\/imprint\/","og_locale":"de_DE","og_type":"article","og_title":"SI Schiffstechnik - Maritime Equipment from a Single Sales and Service Partner","og_description":"Imprint I ENG Impressum I DE Imprint Imprint SI Schiffstechnik GmbH &amp; Co. KGRobert-Bosch-Stra\u00dfe 7a23909 Ratzeburg Commercial Register: HRA 10154 HLRegistration Court: Amtsgericht L\u00fcbeck Represented by:SI Schiffstechnik Verwaltungs GmbHRobert-Bosch-Stra\u00dfe 7a23909 Ratzeburg That one represented by:Dipl.-Ing. J\u00f6rg\u00a0Steinbach,B.Eng. Claudius\u00a0Steinbach Commercial Register: HRB 21340 HLRegistering court: Amtsgericht L\u00fcbeck Contact Phone: +49 4541 80261-0Telefax: +49 4541 80261-20E-mail: info@si-schiffstechnik.de VAT [&hellip;]","og_url":"https:\/\/si-schiffstechnik.com\/de\/imprint\/","og_site_name":"SI Schiffstechnik - Maritime Equipment from a Single Sales and Service Partner","article_modified_time":"2025-08-11T08:24:31+00:00","og_image":[{"width":1280,"height":640,"url":"https:\/\/si-schiffstechnik.com\/wp-content\/uploads\/2025\/01\/gebaeude-schraeg@2x.webp","type":"image\/webp"}],"twitter_card":"summary_large_image","twitter_misc":{"Gesch\u00e4tzte Lesezeit":"7\u00a0Minuten"},"schema":{"@context":"https:\/\/schema.org","@graph":[{"@type":"WebPage","@id":"https:\/\/si-schiffstechnik.com\/imprint\/","url":"https:\/\/si-schiffstechnik.com\/imprint\/","name":"SI Schiffstechnik \u2013 Maritime Ausr\u00fcstung aus einer Hand von Vertrieb und Service","isPartOf":{"@id":"https:\/\/si-schiffstechnik.com\/#website"},"primaryImageOfPage":{"@id":"https:\/\/si-schiffstechnik.com\/imprint\/#primaryimage"},"image":{"@id":"https:\/\/si-schiffstechnik.com\/imprint\/#primaryimage"},"thumbnailUrl":"https:\/\/si-schiffstechnik.com\/wp-content\/uploads\/2025\/01\/gebaeude-schraeg@2x.webp","datePublished":"2025-03-18T11:55:30+00:00","dateModified":"2025-08-11T08:24:31+00:00","breadcrumb":{"@id":"https:\/\/si-schiffstechnik.com\/imprint\/#breadcrumb"},"inLanguage":"de","potentialAction":[{"@type":"ReadAction","target":["https:\/\/si-schiffstechnik.com\/imprint\/"]}]},{"@type":"ImageObject","inLanguage":"de","@id":"https:\/\/si-schiffstechnik.com\/imprint\/#primaryimage","url":"https:\/\/si-schiffstechnik.com\/wp-content\/uploads\/2025\/01\/gebaeude-schraeg@2x.webp","contentUrl":"https:\/\/si-schiffstechnik.com\/wp-content\/uploads\/2025\/01\/gebaeude-schraeg@2x.webp","width":1280,"height":640},{"@type":"BreadcrumbList","@id":"https:\/\/si-schiffstechnik.com\/imprint\/#breadcrumb","itemListElement":[{"@type":"ListItem","position":1,"name":"Startseite","item":"https:\/\/si-schiffstechnik.com\/"},{"@type":"ListItem","position":2,"name":"Imprint"}]},{"@type":"WebSite","@id":"https:\/\/si-schiffstechnik.com\/#website","url":"https:\/\/si-schiffstechnik.com\/","name":"SI Schiffstechnik \u2013 Maritime Ausr\u00fcstung aus einer Hand von Vertrieb und Service","description":"Schiffsausr\u00fcstung - Man\u00f6vrieren, Antrieb, Vakuumsanit\u00e4reinrichtungen, Abwasserbehandlung, Ballastwassermanagement","publisher":{"@id":"https:\/\/si-schiffstechnik.com\/#organization"},"potentialAction":[{"@type":"SearchAction","target":{"@type":"EntryPoint","urlTemplate":"https:\/\/si-schiffstechnik.com\/?s={search_term_string}"},"query-input":{"@type":"PropertyValueSpecification","valueRequired":true,"valueName":"search_term_string"}}],"inLanguage":"de"},{"@type":"Organization","@id":"https:\/\/si-schiffstechnik.com\/#organization","name":"SI Schiffstechnik \u2013 Maritime Ausr\u00fcstung aus einer Hand von Vertrieb und Service","url":"https:\/\/si-schiffstechnik.com\/","logo":{"@type":"ImageObject","inLanguage":"de","@id":"https:\/\/si-schiffstechnik.com\/#\/schema\/logo\/image\/","url":"https:\/\/si-schiffstechnik.com\/wp-content\/uploads\/2025\/01\/SI_Schiffstechnik_Logo_Web-e1737580804105.png","contentUrl":"https:\/\/si-schiffstechnik.com\/wp-content\/uploads\/2025\/01\/SI_Schiffstechnik_Logo_Web-e1737580804105.png","width":812,"height":208,"caption":"SI Schiffstechnik - Maritime Equipment from a Single Sales and Service Partner"},"image":{"@id":"https:\/\/si-schiffstechnik.com\/#\/schema\/logo\/image\/"}}]}},"_links":{"self":[{"href":"https:\/\/si-schiffstechnik.com\/de\/wp-json\/wp\/v2\/pages\/3892","targetHints":{"allow":["GET"]}}],"collection":[{"href":"https:\/\/si-schiffstechnik.com\/de\/wp-json\/wp\/v2\/pages"}],"about":[{"href":"https:\/\/si-schiffstechnik.com\/de\/wp-json\/wp\/v2\/types\/page"}],"author":[{"embeddable":true,"href":"https:\/\/si-schiffstechnik.com\/de\/wp-json\/wp\/v2\/users\/4"}],"replies":[{"embeddable":true,"href":"https:\/\/si-schiffstechnik.com\/de\/wp-json\/wp\/v2\/comments?post=3892"}],"version-history":[{"count":31,"href":"https:\/\/si-schiffstechnik.com\/de\/wp-json\/wp\/v2\/pages\/3892\/revisions"}],"predecessor-version":[{"id":4771,"href":"https:\/\/si-schiffstechnik.com\/de\/wp-json\/wp\/v2\/pages\/3892\/revisions\/4771"}],"wp:featuredmedia":[{"embeddable":true,"href":"https:\/\/si-schiffstechnik.com\/de\/wp-json\/wp\/v2\/media\/1591"}],"wp:attachment":[{"href":"https:\/\/si-schiffstechnik.com\/de\/wp-json\/wp\/v2\/media?parent=3892"}],"curies":[{"name":"wp","href":"https:\/\/api.w.org\/{rel}","templated":true}]}}